{"id":2017,"date":"2020-09-22T13:22:42","date_gmt":"2020-09-22T11:22:42","guid":{"rendered":"https:\/\/www.dynamoacademy.org\/services\/advisory\/"},"modified":"2020-09-22T13:50:47","modified_gmt":"2020-09-22T11:50:47","slug":"advisory","status":"publish","type":"page","link":"https:\/\/www.dynamoacademy.org\/en\/services\/advisory\/","title":{"rendered":"Advisory"},"content":{"rendered":"<p>[et_pb_section fb_built=&#8221;1&#8243; fullwidth=&#8221;on&#8221; _builder_version=&#8221;4.4.7&#8243;][et_pb_fullwidth_header_extended text_orientation=&#8221;right&#8221; header_fullscreen=&#8221;on&#8221; header_scroll_down=&#8221;on&#8221; scroll_down_icon=&#8221;%%1%%&#8221; scroll_down_icon_size=&#8221;100px&#8221; content_max_width=&#8221;36%&#8221; content_max_width_tablet=&#8221;100%&#8221; content_max_width_phone=&#8221;100%&#8221; content_max_width_last_edited=&#8221;on|phone&#8221; _builder_version=&#8221;4.4.7&#8243; _dynamic_attributes=&#8221;background_image&#8221; title_text_align=&#8221;left&#8221; title_font_size=&#8221;50px&#8221; content_text_align=&#8221;left&#8221; background_image=&#8221;@ET-DC@eyJkeW5hbWljIjp0cnVlLCJjb250ZW50IjoicG9zdF9mZWF0dXJlZF9pbWFnZSIsInNldHRpbmdzIjp7fX0=@&#8221; background_position=&#8221;bottom_center&#8221; background_layout=&#8221;dark&#8221; module_alignment=&#8221;right&#8221; global_module=&#8221;860&#8243;][\/et_pb_fullwidth_header_extended][\/et_pb_section][et_pb_section fb_built=&#8221;1&#8243; _builder_version=&#8221;4.4.7&#8243;][et_pb_row _builder_version=&#8221;4.4.7&#8243;][et_pb_column type=&#8221;4_4&#8243; _builder_version=&#8221;4.4.7&#8243;][et_pb_text _builder_version=&#8221;4.4.7&#8243; header_text_align=&#8221;center&#8221;]<\/p>\n<h1>advisory<\/h1>\n<p>[\/et_pb_text][\/et_pb_column][\/et_pb_row][et_pb_row column_structure=&#8221;1_2,1_2&#8243; _builder_version=&#8221;4.4.7&#8243;][et_pb_column type=&#8221;1_2&#8243; _builder_version=&#8221;4.4.7&#8243;][et_pb_text _builder_version=&#8221;4.4.7&#8243;]Dynamo Academy, dal 2016 unico Partner per l\u2019Italia del Global Exchange di <b>CECP<\/b> (<b>Chief Executives for Corporate Purpose<\/b>), supporta le aziende nella creazione e nel perseguimento del<span class=\"Apple-converted-space\">\u00a0 <\/span>Bene Comune. I propri servizi di advisory mirano ad accompagnare le aziende in un percorso di crescente integrazione della <b>filantropia aziendale<\/b> e della \u201c<b>S\u201d degli ESG<\/b>, in termini di strategia, governance, leadership e organizzazione. [\/et_pb_text][\/et_pb_column][et_pb_column type=&#8221;1_2&#8243; _builder_version=&#8221;4.4.7&#8243;][et_pb_blurb image=&#8221;https:\/\/www.dynamoacademy.org\/wp-content\/uploads\/\/advisory.svg&#8221; _builder_version=&#8221;4.4.7&#8243;][\/et_pb_blurb][\/et_pb_column][\/et_pb_row][\/et_pb_section][et_pb_section fb_built=&#8221;1&#8243; inner_shadow=&#8221;on&#8221; _builder_version=&#8221;4.4.7&#8243; background_color=&#8221;#dde8f7&#8243;][et_pb_row column_structure=&#8221;2_5,3_5&#8243; _builder_version=&#8221;4.4.7&#8243;][et_pb_column type=&#8221;2_5&#8243; _builder_version=&#8221;4.4.7&#8243;][et_pb_image src=&#8221;https:\/\/www.dynamoacademy.org\/wp-content\/uploads\/Presentazione_Ricerca_2019_BOCCONI-5382.jpg&#8221; title_text=&#8221;Presentazione_Ricerca_2019_BOCCONI-5382&#8243; _builder_version=&#8221;4.4.7&#8243; animation_style=&#8221;slide&#8221; animation_direction=&#8221;left&#8221;][\/et_pb_image][\/et_pb_column][et_pb_column type=&#8221;3_5&#8243; _builder_version=&#8221;4.4.7&#8243;][et_pb_text _builder_version=&#8221;4.4.7&#8243; text_text_color=&#8221;#222d5a&#8221;]<\/p>\n<h2>Business For The Common Good<\/h2>\n<p><strong>Business For The Common Good \u00e8 la conferenza annuale che Dynamo Academy organizza \u2013 dal 2016 &#8211; per favorire networking e confronti tra CEO di aziende italiane e di filiali italiane di multinazionali estere riguardo al tema della filantropia e della sostenibilit\u00e0 sociale.<\/strong> L\u2019obiettivo \u00e8 condividere, a porte chiuse, casi concreti di leader e di imprese che contribuiscono al Bene Comune nei territori e nelle comunit\u00e0 di riferimento. La Conferenza \u00e8 organizzata con la preziosa collaborazione di CECP, Chief Executives for Corporate Purpose, una \u201ccoalizione di CEO\u201d che mette al centro la strategia sociale \u2014 come le aziende si rapportano ai principali portatori di interesse, lavoratori, comunit\u00e0, investitori e clienti \u2013 quale elemento chiave per il successo del business.<\/p>\n<p>[\/et_pb_text][et_pb_button button_url=&#8221; https:\/\/www.dynamoacademy.org\/conference\/&#8221; button_text=&#8221;Discover more&#8221; _builder_version=&#8221;4.4.8&#8243; hover_enabled=&#8221;0&#8243;][\/et_pb_button][\/et_pb_column][\/et_pb_row][\/et_pb_section][et_pb_section fb_built=&#8221;1&#8243; _builder_version=&#8221;4.4.7&#8243; background_color=&#8221;#ffffff&#8221;][et_pb_row column_structure=&#8221;3_5,2_5&#8243; _builder_version=&#8221;4.4.7&#8243;][et_pb_column type=&#8221;3_5&#8243; _builder_version=&#8221;4.4.7&#8243;][et_pb_text _builder_version=&#8221;4.4.7&#8243; text_text_color=&#8221;#222d5a&#8221;]<\/p>\n<h2>Ricerca \u201cCorporate Giving in Italy\u201d<\/h2>\n<p>Corporate Giving in Italy \u00e8 la <strong>prima ricerca dedicata alla filantropia aziendale in Italia<\/strong> realizzata da Dynamo Academy in collaborazione con CECP, SDA Bocconi e Universit\u00e0 degli Studi di Milano. Giunta nel 2019 alla terza edizione, tale indagine oltre a fornire immediati benchmark in termini di sostenibilit\u00e0 sociale, ha rafforzato il ruolo di strumento aziendale per la costruzione di metriche interne per la redazione di rendicontazione non finanziaria\/bilancio di sostenibilit\u00e0. Tra le tematiche analizzate all\u2019interno della ricerca si segnalano: le erogazioni liberali, le aree di intervento e la relazione con le organizzazioni supportate, il volontariato aziendale, l\u2019ampiezza e la metodologia per la valutazione dei progetti. Alla base di tale ricerca permane la volont\u00e0 di stimolare nel nostro Paese il dibattito sulla necessit\u00e0 che le imprese si orientino verso obiettivi di pi\u00f9 ampio respiro, rendendo la filantropia d\u2019impresa un laboratorio per la condivisione di modelli e pratiche di ingaggio dei territori e di innovazione sociale.<\/p>\n<p>[\/et_pb_text][et_pb_button button_url=&#8221;https:\/\/www.dynamoacademy.org\/en\/corporate-giving-research-in-italy\/&#8221; button_text=&#8221;Discover more&#8221; _builder_version=&#8221;4.4.7&#8243;][\/et_pb_button][\/et_pb_column][et_pb_column type=&#8221;2_5&#8243; _builder_version=&#8221;4.4.7&#8243;][et_pb_image src=&#8221;https:\/\/www.dynamoacademy.org\/wp-content\/uploads\/Presentazione_Ricerca_2019_BOCCONI-5466.jpg&#8221; title_text=&#8221;Presentazione_Ricerca_2019_BOCCONI-5466&#8243; _builder_version=&#8221;4.4.7&#8243; animation_style=&#8221;slide&#8221; animation_direction=&#8221;right&#8221;][\/et_pb_image][\/et_pb_column][\/et_pb_row][\/et_pb_section][et_pb_section fb_built=&#8221;1&#8243; _builder_version=&#8221;4.4.7&#8243;][et_pb_row _builder_version=&#8221;4.4.7&#8243;][et_pb_column type=&#8221;4_4&#8243; _builder_version=&#8221;4.4.7&#8243;][et_pb_gallery gallery_ids=&#8221;1180,1178,1176,1174,916&#8243; posts_number=&#8221;999&#8243; db_images_per_row=&#8221;4&#8243; db_image_max_width=&#8221;96%&#8221; db_image_row_spacing=&#8221;1%&#8221; _builder_version=&#8221;4.4.8&#8243; global_module=&#8221;761&#8243; saved_tabs=&#8221;all&#8221;][\/et_pb_gallery][\/et_pb_column][\/et_pb_row][\/et_pb_section]<\/p>\n","protected":false},"excerpt":{"rendered":"<p>[\/et_pb_fullwidth_header_extended]advisoryDynamo Academy, dal 2016 unico Partner per l\u2019Italia del Global Exchange di CECP (Chief Executives for Corporate Purpose), supporta le aziende nella creazione e nel perseguimento del\u00a0 Bene Comune. I propri servizi di advisory mirano ad accompagnare le aziende in un percorso di crescente integrazione della filantropia aziendale e della \u201cS\u201d degli ESG, in termini [&hellip;]<\/p>\n","protected":false},"author":1,"featured_media":1170,"parent":2016,"menu_order":0,"comment_status":"closed","ping_status":"closed","template":"","meta":{"_et_pb_use_builder":"on","_et_pb_old_content":"","_et_gb_content_width":"","footnotes":""},"yoast_head":"<!-- This site is optimized with the Yoast SEO plugin v21.8 - https:\/\/yoast.com\/wordpress\/plugins\/seo\/ -->\n<title>Advisory | Dynamo Academy<\/title>\n<meta name=\"robots\" content=\"index, follow, max-snippet:-1, max-image-preview:large, max-video-preview:-1\" \/>\n<link rel=\"canonical\" href=\"https:\/\/www.dynamoacademy.org\/en\/services\/advisory\/\" \/>\n<meta property=\"og:locale\" content=\"en_US\" \/>\n<meta property=\"og:type\" content=\"article\" \/>\n<meta property=\"og:title\" content=\"Advisory | Dynamo Academy\" \/>\n<meta property=\"og:description\" content=\"[\/et_pb_fullwidth_header_extended]advisoryDynamo Academy, dal 2016 unico Partner per l\u2019Italia del Global Exchange di CECP (Chief Executives for Corporate Purpose), supporta le aziende nella creazione e nel perseguimento del\u00a0 Bene Comune. I propri servizi di advisory mirano ad accompagnare le aziende in un percorso di crescente integrazione della filantropia aziendale e della \u201cS\u201d degli ESG, in termini [&hellip;]\" \/>\n<meta property=\"og:url\" content=\"https:\/\/www.dynamoacademy.org\/en\/services\/advisory\/\" \/>\n<meta property=\"og:site_name\" content=\"Dynamo Academy\" \/>\n<meta property=\"article:modified_time\" content=\"2020-09-22T11:50:47+00:00\" \/>\n<meta property=\"og:image\" content=\"https:\/\/www.dynamoacademy.org\/wp-content\/uploads\/advisory.jpg\" \/>\n\t<meta property=\"og:image:width\" content=\"1920\" \/>\n\t<meta property=\"og:image:height\" content=\"1080\" \/>\n\t<meta property=\"og:image:type\" content=\"image\/jpeg\" \/>\n<meta name=\"twitter:card\" content=\"summary_large_image\" \/>\n<meta name=\"twitter:label1\" content=\"Est. reading time\" \/>\n\t<meta name=\"twitter:data1\" content=\"4 minutes\" \/>\n<script type=\"application\/ld+json\" class=\"yoast-schema-graph\">{\"@context\":\"https:\/\/schema.org\",\"@graph\":[{\"@type\":\"WebPage\",\"@id\":\"https:\/\/www.dynamoacademy.org\/en\/services\/advisory\/\",\"url\":\"https:\/\/www.dynamoacademy.org\/en\/services\/advisory\/\",\"name\":\"Advisory | Dynamo Academy\",\"isPartOf\":{\"@id\":\"https:\/\/www.dynamoacademy.org\/en\/#website\"},\"datePublished\":\"2020-09-22T11:22:42+00:00\",\"dateModified\":\"2020-09-22T11:50:47+00:00\",\"breadcrumb\":{\"@id\":\"https:\/\/www.dynamoacademy.org\/en\/services\/advisory\/#breadcrumb\"},\"inLanguage\":\"en-US\",\"potentialAction\":[{\"@type\":\"ReadAction\",\"target\":[\"https:\/\/www.dynamoacademy.org\/en\/services\/advisory\/\"]}]},{\"@type\":\"BreadcrumbList\",\"@id\":\"https:\/\/www.dynamoacademy.org\/en\/services\/advisory\/#breadcrumb\",\"itemListElement\":[{\"@type\":\"ListItem\",\"position\":1,\"name\":\"Home\",\"item\":\"https:\/\/www.dynamoacademy.org\/en\/services\/\"},{\"@type\":\"ListItem\",\"position\":2,\"name\":\"Advisory\"}]},{\"@type\":\"WebSite\",\"@id\":\"https:\/\/www.dynamoacademy.org\/en\/#website\",\"url\":\"https:\/\/www.dynamoacademy.org\/en\/\",\"name\":\"Dynamo Academy\",\"description\":\"Business for the Common Good\",\"publisher\":{\"@id\":\"https:\/\/www.dynamoacademy.org\/en\/#organization\"},\"potentialAction\":[{\"@type\":\"SearchAction\",\"target\":{\"@type\":\"EntryPoint\",\"urlTemplate\":\"https:\/\/www.dynamoacademy.org\/en\/?s={search_term_string}\"},\"query-input\":\"required name=search_term_string\"}],\"inLanguage\":\"en-US\"},{\"@type\":\"Organization\",\"@id\":\"https:\/\/www.dynamoacademy.org\/en\/#organization\",\"name\":\"Dynamo Academy\",\"url\":\"https:\/\/www.dynamoacademy.org\/en\/\",\"logo\":{\"@type\":\"ImageObject\",\"inLanguage\":\"en-US\",\"@id\":\"https:\/\/www.dynamoacademy.org\/en\/#\/schema\/logo\/image\/\",\"url\":\"https:\/\/www.dynamoacademy.org\/wp-content\/uploads\/Logo_dynamo_Bianco_piccolo.png\",\"contentUrl\":\"https:\/\/www.dynamoacademy.org\/wp-content\/uploads\/Logo_dynamo_Bianco_piccolo.png\",\"width\":166,\"height\":86,\"caption\":\"Dynamo Academy\"},\"image\":{\"@id\":\"https:\/\/www.dynamoacademy.org\/en\/#\/schema\/logo\/image\/\"}}]}<\/script>\n<!-- \/ Yoast SEO plugin. -->","yoast_head_json":{"title":"Advisory | Dynamo Academy","robots":{"index":"index","follow":"follow","max-snippet":"max-snippet:-1","max-image-preview":"max-image-preview:large","max-video-preview":"max-video-preview:-1"},"canonical":"https:\/\/www.dynamoacademy.org\/en\/services\/advisory\/","og_locale":"en_US","og_type":"article","og_title":"Advisory | Dynamo Academy","og_description":"[\/et_pb_fullwidth_header_extended]advisoryDynamo Academy, dal 2016 unico Partner per l\u2019Italia del Global Exchange di CECP (Chief Executives for Corporate Purpose), supporta le aziende nella creazione e nel perseguimento del\u00a0 Bene Comune. I propri servizi di advisory mirano ad accompagnare le aziende in un percorso di crescente integrazione della filantropia aziendale e della \u201cS\u201d degli ESG, in termini [&hellip;]","og_url":"https:\/\/www.dynamoacademy.org\/en\/services\/advisory\/","og_site_name":"Dynamo Academy","article_modified_time":"2020-09-22T11:50:47+00:00","og_image":[{"width":1920,"height":1080,"url":"https:\/\/www.dynamoacademy.org\/wp-content\/uploads\/advisory.jpg","type":"image\/jpeg"}],"twitter_card":"summary_large_image","twitter_misc":{"Est. reading time":"4 minutes"},"schema":{"@context":"https:\/\/schema.org","@graph":[{"@type":"WebPage","@id":"https:\/\/www.dynamoacademy.org\/en\/services\/advisory\/","url":"https:\/\/www.dynamoacademy.org\/en\/services\/advisory\/","name":"Advisory | Dynamo Academy","isPartOf":{"@id":"https:\/\/www.dynamoacademy.org\/en\/#website"},"datePublished":"2020-09-22T11:22:42+00:00","dateModified":"2020-09-22T11:50:47+00:00","breadcrumb":{"@id":"https:\/\/www.dynamoacademy.org\/en\/services\/advisory\/#breadcrumb"},"inLanguage":"en-US","potentialAction":[{"@type":"ReadAction","target":["https:\/\/www.dynamoacademy.org\/en\/services\/advisory\/"]}]},{"@type":"BreadcrumbList","@id":"https:\/\/www.dynamoacademy.org\/en\/services\/advisory\/#breadcrumb","itemListElement":[{"@type":"ListItem","position":1,"name":"Home","item":"https:\/\/www.dynamoacademy.org\/en\/services\/"},{"@type":"ListItem","position":2,"name":"Advisory"}]},{"@type":"WebSite","@id":"https:\/\/www.dynamoacademy.org\/en\/#website","url":"https:\/\/www.dynamoacademy.org\/en\/","name":"Dynamo Academy","description":"Business for the Common Good","publisher":{"@id":"https:\/\/www.dynamoacademy.org\/en\/#organization"},"potentialAction":[{"@type":"SearchAction","target":{"@type":"EntryPoint","urlTemplate":"https:\/\/www.dynamoacademy.org\/en\/?s={search_term_string}"},"query-input":"required name=search_term_string"}],"inLanguage":"en-US"},{"@type":"Organization","@id":"https:\/\/www.dynamoacademy.org\/en\/#organization","name":"Dynamo Academy","url":"https:\/\/www.dynamoacademy.org\/en\/","logo":{"@type":"ImageObject","inLanguage":"en-US","@id":"https:\/\/www.dynamoacademy.org\/en\/#\/schema\/logo\/image\/","url":"https:\/\/www.dynamoacademy.org\/wp-content\/uploads\/Logo_dynamo_Bianco_piccolo.png","contentUrl":"https:\/\/www.dynamoacademy.org\/wp-content\/uploads\/Logo_dynamo_Bianco_piccolo.png","width":166,"height":86,"caption":"Dynamo Academy"},"image":{"@id":"https:\/\/www.dynamoacademy.org\/en\/#\/schema\/logo\/image\/"}}]}},"_links":{"self":[{"href":"https:\/\/www.dynamoacademy.org\/en\/wp-json\/wp\/v2\/pages\/2017"}],"collection":[{"href":"https:\/\/www.dynamoacademy.org\/en\/wp-json\/wp\/v2\/pages"}],"about":[{"href":"https:\/\/www.dynamoacademy.org\/en\/wp-json\/wp\/v2\/types\/page"}],"author":[{"embeddable":true,"href":"https:\/\/www.dynamoacademy.org\/en\/wp-json\/wp\/v2\/users\/1"}],"replies":[{"embeddable":true,"href":"https:\/\/www.dynamoacademy.org\/en\/wp-json\/wp\/v2\/comments?post=2017"}],"version-history":[{"count":0,"href":"https:\/\/www.dynamoacademy.org\/en\/wp-json\/wp\/v2\/pages\/2017\/revisions"}],"up":[{"embeddable":true,"href":"https:\/\/www.dynamoacademy.org\/en\/wp-json\/wp\/v2\/pages\/2016"}],"wp:featuredmedia":[{"embeddable":true,"href":"https:\/\/www.dynamoacademy.org\/en\/wp-json\/wp\/v2\/media\/1170"}],"wp:attachment":[{"href":"https:\/\/www.dynamoacademy.org\/en\/wp-json\/wp\/v2\/media?parent=2017"}],"curies":[{"name":"wp","href":"https:\/\/api.w.org\/{rel}","templated":true}]}}